{"id":6383,"date":"2024-12-02T15:43:31","date_gmt":"2024-12-02T15:43:31","guid":{"rendered":"https:\/\/danielshof.de\/?page_id=6383"},"modified":"2025-10-09T09:47:55","modified_gmt":"2025-10-09T09:47:55","slug":"front-office-manager","status":"publish","type":"page","link":"https:\/\/danielshof.de\/en\/front-office-manager\/","title":{"rendered":"Front Office Manager"},"content":{"rendered":"<div data-elementor-type=\"wp-page\" data-elementor-id=\"6383\" class=\"elementor elementor-6383\" data-elementor-post-type=\"page\">\n\t\t\t\t\t\t<section class=\"elementor-section elementor-top-section elementor-element elementor-element-ca74c3f elementor-section-height-min-height cs-section-content-fullwidth cs_scroll_y_100 cs-parallax-on-scroll elementor-hidden-tablet elementor-hidden-mobile elementor-section-boxed elementor-section-height-default elementor-section-items-middle\" data-id=\"ca74c3f\" data-element_type=\"section\" data-e-type=\"section\" data-settings=\"{&quot;background_background&quot;:&quot;classic&quot;}\" data-cs-parallax-y=\"100\" style=\"background-image: none;\" data-cs-background-image=\"https:\/\/danielshof.de\/wp-content\/uploads\/2025\/10\/Front-Office-Manager-scaled.jpg\" data-cs-background-image-alt-text=\"\">\n\t\t\t\t\t\t\t<div class=\"elementor-background-overlay\"><\/div>\n\t\t\t\t\t\t\t<div class=\"elementor-container elementor-column-gap-no\">\n\t\t\t\t\t<div class=\"elementor-column elementor-col-100 elementor-top-column elementor-element elementor-element-9121b3c dark-color\" data-id=\"9121b3c\" data-element_type=\"column\" data-e-type=\"column\">\n\t\t\t<div class=\"elementor-widget-wrap elementor-element-populated\">\n\t\t\t\t\t\t<div class=\"elementor-element elementor-element-e156ad7 elementor-widget elementor-widget-cs_title\" data-id=\"e156ad7\" data-element_type=\"widget\" data-e-type=\"widget\" data-widget_type=\"cs_title.default\">\n\t\t\t\t<div class=\"elementor-widget-container\">\n\t\t\t\t\t\n        <div class=\"cs-title-wrap text-center\">\t            <h1 class=\"cs-title\">\n\t                Front Office Manager\t            <\/h1>\t            <div class=\"cs-title-text\">\n\t                <p>(m\/w\/d)<\/p>\t            <\/div>        <\/div>\t\t\t\t<\/div>\n\t\t\t\t<\/div>\n\t\t\t\t\t<\/div>\n\t\t<\/div>\n\t\t\t\t\t<\/div>\n\t\t<\/section>\n\t\t\t\t<section class=\"elementor-section elementor-top-section elementor-element elementor-element-287d2ba elementor-section-height-full cs-section-content-fullwidth cs_scroll_y_100 cs-parallax-on-scroll elementor-hidden-desktop elementor-section-boxed elementor-section-height-default elementor-section-items-middle\" data-id=\"287d2ba\" data-element_type=\"section\" data-e-type=\"section\" data-settings=\"{&quot;background_background&quot;:&quot;classic&quot;}\" data-cs-parallax-y=\"100\" style=\"background-image: none;\" data-cs-background-image=\"https:\/\/danielshof.opti-hospitalitysuite.com\/wp-content\/uploads\/2024\/12\/Chef.jpg\" data-cs-background-image-alt-text=\"\">\n\t\t\t\t\t\t\t<div class=\"elementor-background-overlay\"><\/div>\n\t\t\t\t\t\t\t<div class=\"elementor-container elementor-column-gap-no\">\n\t\t\t\t\t<div class=\"elementor-column elementor-col-100 elementor-top-column elementor-element elementor-element-0ea8172 dark-color\" data-id=\"0ea8172\" data-element_type=\"column\" data-e-type=\"column\">\n\t\t\t<div class=\"elementor-widget-wrap elementor-element-populated\">\n\t\t\t\t\t\t<div class=\"elementor-element elementor-element-bed0f13 elementor-widget elementor-widget-cs_title\" data-id=\"bed0f13\" data-element_type=\"widget\" data-e-type=\"widget\" data-widget_type=\"cs_title.default\">\n\t\t\t\t<div class=\"elementor-widget-container\">\n\t\t\t\t\t\n        <div class=\"cs-title-wrap text-center\">\t            <h1 class=\"cs-title\">\n\t                Front Office Manager\t            <\/h1>\t            <div class=\"cs-title-text\">\n\t                <p>(m\/w\/d)<\/p>\t            <\/div>        <\/div>\t\t\t\t<\/div>\n\t\t\t\t<\/div>\n\t\t\t\t\t<\/div>\n\t\t<\/div>\n\t\t\t\t\t<\/div>\n\t\t<\/section>\n\t\t\t\t<section class=\"elementor-section elementor-top-section elementor-element elementor-element-b77ca05 cs-section-content-fullwidth elementor-section-boxed elementor-section-height-default elementor-section-height-default\" data-id=\"b77ca05\" data-element_type=\"section\" data-e-type=\"section\" data-settings=\"{&quot;background_background&quot;:&quot;classic&quot;}\">\n\t\t\t\t\t\t<div class=\"elementor-container elementor-column-gap-no\">\n\t\t\t\t\t<div class=\"elementor-column elementor-col-100 elementor-top-column elementor-element elementor-element-67efd11\" data-id=\"67efd11\" data-element_type=\"column\" data-e-type=\"column\">\n\t\t\t<div class=\"elementor-widget-wrap elementor-element-populated\">\n\t\t\t\t\t\t<div class=\"elementor-element elementor-element-011c4c7 elementor-view-default elementor-widget elementor-widget-icon\" data-id=\"011c4c7\" data-element_type=\"widget\" data-e-type=\"widget\" data-widget_type=\"icon.default\">\n\t\t\t\t<div class=\"elementor-widget-container\">\n\t\t\t\t\t\t\t<div class=\"elementor-icon-wrapper\">\n\t\t\t<div class=\"elementor-icon\">\n\t\t\t<i aria-hidden=\"true\" class=\"flaticon flaticon-check-in\"><\/i>\t\t\t<\/div>\n\t\t<\/div>\n\t\t\t\t\t\t<\/div>\n\t\t\t\t<\/div>\n\t\t\t\t<div class=\"elementor-element elementor-element-69cf243 elementor-widget elementor-widget-cs_title\" data-id=\"69cf243\" data-element_type=\"widget\" data-e-type=\"widget\" data-widget_type=\"cs_title.default\">\n\t\t\t\t<div class=\"elementor-widget-container\">\n\t\t\t\t\t\n        <div class=\"cs-title-wrap text-center\">\t            <div class=\"cs-subtitle-wrap\"><span class=\"cs-subtitle\">Organization. Communication. Service.<\/span><\/div>\t            <div class=\"cs-title-text\">\n\t                <p>We, Landhaus Danielshof, a family-run boutique hotel with 41 rooms and a dedicated team of around 30 employees, are looking for an experienced Front Office Manager (m\/f\/d) to join us as soon as possible.\nOur motto is: \u201cA Home Away from Home\u201d \u2013 our guests should feel at home and are always at the center of everything we do.\n\nAs Front Office Manager, you are the heart of the house: you coordinate reception, housekeeping, bookings, and communication, work closely with management, and bring structure, overview, and warmth to the team.<\/p>\t            <\/div>        <\/div>\t\t\t\t<\/div>\n\t\t\t\t<\/div>\n\t\t\t\t\t<\/div>\n\t\t<\/div>\n\t\t\t\t\t<\/div>\n\t\t<\/section>\n\t\t\t\t<section class=\"elementor-section elementor-top-section elementor-element elementor-element-7676af cs-parallax-on-scroll cs_scroll_y_100 cs-section-content-fullwidth elementor-section-boxed elementor-section-height-default elementor-section-height-default\" data-id=\"7676af\" data-element_type=\"section\" data-e-type=\"section\" data-settings=\"{&quot;background_background&quot;:&quot;classic&quot;}\" data-cs-parallax-y=\"100\" style=\"background-image: none;\" data-cs-background-image=\"https:\/\/danielshof.opti-hospitalitysuite.com\/wp-content\/uploads\/2024\/12\/natalie-sum-G2BxCXtnRAk-unsplash.jpg\" data-cs-background-image-alt-text=\"\">\n\t\t\t\t\t\t\t<div class=\"elementor-background-overlay\"><\/div>\n\t\t\t\t\t\t\t<div class=\"elementor-container elementor-column-gap-no\">\n\t\t\t\t\t<div class=\"elementor-column elementor-col-100 elementor-top-column elementor-element elementor-element-5025ad2d dark-color\" data-id=\"5025ad2d\" data-element_type=\"column\" data-e-type=\"column\">\n\t\t\t<div class=\"elementor-widget-wrap elementor-element-populated\">\n\t\t\t\t\t\t<div class=\"elementor-element elementor-element-f95bfa3 elementor-view-default elementor-widget elementor-widget-icon\" data-id=\"f95bfa3\" data-element_type=\"widget\" data-e-type=\"widget\" data-widget_type=\"icon.default\">\n\t\t\t\t<div class=\"elementor-widget-container\">\n\t\t\t\t\t\t\t<div class=\"elementor-icon-wrapper\">\n\t\t\t<div class=\"elementor-icon\">\n\t\t\t<i aria-hidden=\"true\" class=\"flaticon flaticon-user-2\"><\/i>\t\t\t<\/div>\n\t\t<\/div>\n\t\t\t\t\t\t<\/div>\n\t\t\t\t<\/div>\n\t\t\t\t<div class=\"elementor-element elementor-element-28f3da3a elementor-widget elementor-widget-cs_title\" data-id=\"28f3da3a\" data-element_type=\"widget\" data-e-type=\"widget\" data-widget_type=\"cs_title.default\">\n\t\t\t\t<div class=\"elementor-widget-container\">\n\t\t\t\t\t\n        <div class=\"cs-title-wrap text-center\">\t            <h1 class=\"cs-title\">\n\t                About Us\t            <\/h1>\t            <div class=\"cs-title-text\">\n\t                <p>Landhaus Danielshof combines the charm of a historic manor house with modern comfort. In addition to the hotel operation with an \u00e0 la carte restaurant, we also offer catering services, seminars, weddings, and other events.\nOur culture is shaped by trust, respect, and team spirit \u2013 for us, people matter just as much as results.<\/p>\t            <\/div>        <\/div>\t\t\t\t<\/div>\n\t\t\t\t<\/div>\n\t\t\t\t\t<\/div>\n\t\t<\/div>\n\t\t\t\t\t<\/div>\n\t\t<\/section>\n\t\t\t\t<section class=\"elementor-section elementor-top-section elementor-element elementor-element-453e680 elementor-section-boxed elementor-section-height-default elementor-section-height-default\" data-id=\"453e680\" data-element_type=\"section\" data-e-type=\"section\" data-settings=\"{&quot;background_background&quot;:&quot;classic&quot;}\">\n\t\t\t\t\t\t<div class=\"elementor-container elementor-column-gap-no\">\n\t\t\t\t\t<div class=\"elementor-column elementor-col-100 elementor-top-column elementor-element elementor-element-c44c537\" data-id=\"c44c537\" data-element_type=\"column\" data-e-type=\"column\">\n\t\t\t<div class=\"elementor-widget-wrap elementor-element-populated\">\n\t\t\t\t\t\t<div class=\"elementor-element elementor-element-bfb8dcc elementor-widget elementor-widget-cs_title\" data-id=\"bfb8dcc\" data-element_type=\"widget\" data-e-type=\"widget\" data-widget_type=\"cs_title.default\">\n\t\t\t\t<div class=\"elementor-widget-container\">\n\t\t\t\t\t\n        <div class=\"cs-title-wrap text-left text-left-mobile\">\t            <h1 class=\"cs-title\">\n\t                Your Responsibilities\t            <\/h1>\t            <div class=\"cs-title-text\">\n\t                <ul><li>Manage and organize the front office team of about 6 employees (2 receptionists and 4 housekeeping staff);<\/li><li>Oversee the entire front office area (reception, reservations, guest relations);<\/li><li>Strategic planning in coordination with the owner (revenue, occupancy, guest communication);<\/li><li>Maintain and manage the hotel software (Protel), including price changes, room blocks, and notes;<\/li><li>Manage OTAs (Booking.com, Kurzurlaub, Reservision, etc.) and online availability;<\/li><li>Prepare and review invoices, credit notes, and cancellations;<\/li><li>Optimize room allocation and prepare the weekly schedule;<\/li><li>Independently handle and manage conference and group inquiries (including portals such as MICE, EventInc, Ivvy);<\/li><li>Create and maintain the reception manual, price lists, and framework agreements;<\/li><li>Take responsibility for smaller administrative tasks and internal processes;<\/li><li>Participate in projects to improve workflows and guest satisfaction.<\/li><\/ul>\t            <\/div>        <\/div>\t\t\t\t<\/div>\n\t\t\t\t<\/div>\n\t\t\t\t<div class=\"elementor-element elementor-element-ef3e908 elementor-widget elementor-widget-cs_title\" data-id=\"ef3e908\" data-element_type=\"widget\" data-e-type=\"widget\" data-widget_type=\"cs_title.default\">\n\t\t\t\t<div class=\"elementor-widget-container\">\n\t\t\t\t\t\n        <div class=\"cs-title-wrap text-left text-left-mobile\">\t            <h1 class=\"cs-title\">\n\t                Your Profile\t            <\/h1>\t            <div class=\"cs-title-text\">\n\t                <ul><li>Completed training in hotel management or a comparable qualification;<\/li><li>Several years of professional experience in front office management or reservations;<\/li><li>Experience in leading and motivating a small team;<\/li><li>Knowledge of revenue management and pricing is an advantage;<\/li><li>Excellent organizational and communication skills combined with entrepreneurial thinking;<\/li><li>Confident use of hotel software (Protel preferred) and common office applications;<\/li><li>Knowledge of OTAs, channel management, and billing systems;<\/li><li>Strong sense of responsibility, accuracy, and team spirit;<\/li><li>Good command of German and English, spoken and written;<\/li><li>Experience or interest in marketing and social media is a plus and will be given preference.<\/li><\/ul>\t            <\/div>        <\/div>\t\t\t\t<\/div>\n\t\t\t\t<\/div>\n\t\t\t\t<div class=\"elementor-element elementor-element-fc77af0 elementor-widget elementor-widget-cs_title\" data-id=\"fc77af0\" data-element_type=\"widget\" data-e-type=\"widget\" data-widget_type=\"cs_title.default\">\n\t\t\t\t<div class=\"elementor-widget-container\">\n\t\t\t\t\t\n        <div class=\"cs-title-wrap text-left\">\t            <h1 class=\"cs-title\">\n\t                We offer\t            <\/h1>\t            <div class=\"cs-title-text\">\n\t                <ul><li>A responsible leadership position in a modern, dynamic environment;<\/li><li>Attractive, performance-based salary with development opportunities;<\/li><li>Creative freedom and room for your own ideas;<\/li><li>A family-like, international team with open communication;<\/li><li>Employee discounts on hotel stays, restaurant visits, and events;<\/li><li>Regular training and team events.<\/li><\/ul>\t            <\/div>        <\/div>\t\t\t\t<\/div>\n\t\t\t\t<\/div>\n\t\t\t\t\t<\/div>\n\t\t<\/div>\n\t\t\t\t\t<\/div>\n\t\t<\/section>\n\t\t\t\t<section class=\"elementor-section elementor-top-section elementor-element elementor-element-f46cf0d cs-parallax-on-scroll cs_scroll_y_100 cs-section-content-fullwidth elementor-section-boxed elementor-section-height-default elementor-section-height-default\" data-id=\"f46cf0d\" data-element_type=\"section\" data-e-type=\"section\" data-settings=\"{&quot;background_background&quot;:&quot;classic&quot;}\" data-cs-parallax-y=\"100\" style=\"background-image: none;\" data-cs-background-image=\"https:\/\/danielshof.opti-hospitalitysuite.com\/wp-content\/uploads\/2024\/11\/Background2.png\" data-cs-background-image-alt-text=\"\">\n\t\t\t\t\t\t\t<div class=\"elementor-background-overlay\"><\/div>\n\t\t\t\t\t\t\t<div class=\"elementor-container elementor-column-gap-no\">\n\t\t\t\t\t<div class=\"elementor-column elementor-col-100 elementor-top-column elementor-element elementor-element-cb7cda3 dark-color\" data-id=\"cb7cda3\" data-element_type=\"column\" data-e-type=\"column\">\n\t\t\t<div class=\"elementor-widget-wrap elementor-element-populated\">\n\t\t\t\t\t\t<div class=\"elementor-element elementor-element-73cee08 elementor-view-default elementor-widget elementor-widget-icon\" data-id=\"73cee08\" data-element_type=\"widget\" data-e-type=\"widget\" data-widget_type=\"icon.default\">\n\t\t\t\t<div class=\"elementor-widget-container\">\n\t\t\t\t\t\t\t<div class=\"elementor-icon-wrapper\">\n\t\t\t<div class=\"elementor-icon\">\n\t\t\t<i aria-hidden=\"true\" class=\"flaticon flaticon-reception\"><\/i>\t\t\t<\/div>\n\t\t<\/div>\n\t\t\t\t\t\t<\/div>\n\t\t\t\t<\/div>\n\t\t\t\t<div class=\"elementor-element elementor-element-2145523 elementor-widget elementor-widget-cs_title\" data-id=\"2145523\" data-element_type=\"widget\" data-e-type=\"widget\" data-widget_type=\"cs_title.default\">\n\t\t\t\t<div class=\"elementor-widget-container\">\n\t\t\t\t\t\n        <div class=\"cs-title-wrap text-center\">\t            <h1 class=\"cs-title\">\n\t                Interested?\t            <\/h1>\t            <div class=\"cs-title-text\">\n\t                <p>We look forward to receiving your application by email at: <strong>cds@danielshof.de<\/strong><\/p>\t            <\/div>        <\/div>\t\t\t\t<\/div>\n\t\t\t\t<\/div>\n\t\t\t\t\t<\/div>\n\t\t<\/div>\n\t\t\t\t\t<\/div>\n\t\t<\/section>\n\t\t\t\t<\/div>","protected":false},"excerpt":{"rendered":"<p>Front Office Manager (m\/w\/d) Front Office Manager (m\/w\/d) Organisation. Kommunikation. Service. Wir, das Landhaus Danielshof, ein famili\u00e4r gef\u00fchrtes Boutique-Hotel mit 41 Zimmern und einem engagierten Team aus rund 30 Mitarbeitenden, suchen zum n\u00e4chstm\u00f6glichen Zeitpunkt eine erfahrene Front Office Managerin (m\/w\/d). Unser Motto lautet: \u201eA Home Away from Home\u201c \u2013 unsere G\u00e4ste sollen sich wie zu &#8230;<\/p>","protected":false},"author":1,"featured_media":0,"parent":0,"menu_order":0,"comment_status":"closed","ping_status":"closed","template":"elementor_header_footer","meta":{"cozystay_single_page_hide_site_header":"","cozystay_single_page_site_header_source":"","cozystay_single_page_custom_site_header":"0","cozystay_single_page_custom_sticky_site_header":"0","cozystay_single_page_hide_page_title":"","cozystay_single_page_header_section_size":"","cozystay_single_page_header_background_color":"","cozystay_single_page_header_background_position_x":"center","cozystay_single_page_header_background_position_y":"center","cozystay_single_page_header_background_size":"cover","cozystay_single_page_header_background_repeat":"off","cozystay_single_page_header_background_scroll":"on","cozystay_single_page_header_text_color":"","cozystay_single_page_header_show_breadcrumb":"","cozystay_single_page_site_footer_hide_main":"","cozystay_single_custom_site_footer_main_source":"","cozystay_single_custom_site_footer_main":"0","cozystay_single_page_site_footer_hide_above":"","cozystay_single_custom_site_footer_above_source":"","cozystay_single_custom_site_footer_above":"0","cozystay_single_page_site_footer_hide_instagram":"","cozystay_single_page_site_footer_hide_bottom":"","cozystay_single_custom_mobile_menu_source":"","cozystay_single_custom_mobile_menu":"0","cozystay_single_custom_mobile_menu_animation":"","cozystay_single_custom_mobile_menu_width":"","cozystay_single_custom_mobile_menu_custom_width":375,"footnotes":""},"class_list":["post-6383","page","type-page","status-publish","hentry"],"yoast_head":"<!-- This site is optimized with the Yoast SEO plugin v27.3 - https:\/\/yoast.com\/product\/yoast-seo-wordpress\/ -->\n<title>Front Office Manager - Danielshof<\/title>\n<meta name=\"robots\" content=\"index, follow, max-snippet:-1, max-image-preview:large, max-video-preview:-1\" \/>\n<link rel=\"canonical\" href=\"https:\/\/danielshof.de\/en\/front-office-manager\/\" \/>\n<meta property=\"og:locale\" content=\"en_GB\" \/>\n<meta property=\"og:type\" content=\"article\" \/>\n<meta property=\"og:title\" content=\"Front Office Manager - Danielshof\" \/>\n<meta property=\"og:description\" content=\"Front Office Manager (m\/w\/d) Front Office Manager (m\/w\/d) Organisation. Kommunikation. Service. Wir, das Landhaus Danielshof, ein famili\u00e4r gef\u00fchrtes Boutique-Hotel mit 41 Zimmern und einem engagierten Team aus rund 30 Mitarbeitenden, suchen zum n\u00e4chstm\u00f6glichen Zeitpunkt eine erfahrene Front Office Managerin (m\/w\/d). Unser Motto lautet: \u201eA Home Away from Home\u201c \u2013 unsere G\u00e4ste sollen sich wie zu ...\" \/>\n<meta property=\"og:url\" content=\"https:\/\/danielshof.de\/en\/front-office-manager\/\" \/>\n<meta property=\"og:site_name\" content=\"Danielshof\" \/>\n<meta property=\"article:modified_time\" content=\"2025-10-09T09:47:55+00:00\" \/>\n<meta name=\"twitter:card\" content=\"summary_large_image\" \/>\n<meta name=\"twitter:label1\" content=\"Estimated reading time\" \/>\n\t<meta name=\"twitter:data1\" content=\"2 minutes\" \/>\n<script type=\"application\/ld+json\" class=\"yoast-schema-graph\">{\"@context\":\"https:\\\/\\\/schema.org\",\"@graph\":[{\"@type\":\"WebPage\",\"@id\":\"https:\\\/\\\/danielshof.de\\\/front-office-manager\\\/\",\"url\":\"https:\\\/\\\/danielshof.de\\\/front-office-manager\\\/\",\"name\":\"Front Office Manager - Danielshof\",\"isPartOf\":{\"@id\":\"https:\\\/\\\/danielshof.de\\\/#website\"},\"datePublished\":\"2024-12-02T15:43:31+00:00\",\"dateModified\":\"2025-10-09T09:47:55+00:00\",\"breadcrumb\":{\"@id\":\"https:\\\/\\\/danielshof.de\\\/front-office-manager\\\/#breadcrumb\"},\"inLanguage\":\"en-GB\",\"potentialAction\":[{\"@type\":\"ReadAction\",\"target\":[\"https:\\\/\\\/danielshof.de\\\/front-office-manager\\\/\"]}]},{\"@type\":\"BreadcrumbList\",\"@id\":\"https:\\\/\\\/danielshof.de\\\/front-office-manager\\\/#breadcrumb\",\"itemListElement\":[{\"@type\":\"ListItem\",\"position\":1,\"name\":\"Home\",\"item\":\"https:\\\/\\\/danielshof.de\\\/\"},{\"@type\":\"ListItem\",\"position\":2,\"name\":\"Front Office Manager\"}]},{\"@type\":\"WebSite\",\"@id\":\"https:\\\/\\\/danielshof.de\\\/#website\",\"url\":\"https:\\\/\\\/danielshof.de\\\/\",\"name\":\"Danielshof\",\"description\":\"\",\"publisher\":{\"@id\":\"https:\\\/\\\/danielshof.de\\\/#organization\"},\"potentialAction\":[{\"@type\":\"SearchAction\",\"target\":{\"@type\":\"EntryPoint\",\"urlTemplate\":\"https:\\\/\\\/danielshof.de\\\/?s={search_term_string}\"},\"query-input\":{\"@type\":\"PropertyValueSpecification\",\"valueRequired\":true,\"valueName\":\"search_term_string\"}}],\"inLanguage\":\"en-GB\"},{\"@type\":\"Organization\",\"@id\":\"https:\\\/\\\/danielshof.de\\\/#organization\",\"name\":\"Danielshof\",\"url\":\"https:\\\/\\\/danielshof.de\\\/\",\"logo\":{\"@type\":\"ImageObject\",\"inLanguage\":\"en-GB\",\"@id\":\"https:\\\/\\\/danielshof.de\\\/#\\\/schema\\\/logo\\\/image\\\/\",\"url\":\"https:\\\/\\\/danielshof.de\\\/wp-content\\\/uploads\\\/2023\\\/04\\\/cropped-Danielshof_logo-color-e1729070050196.png\",\"contentUrl\":\"https:\\\/\\\/danielshof.de\\\/wp-content\\\/uploads\\\/2023\\\/04\\\/cropped-Danielshof_logo-color-e1729070050196.png\",\"width\":269,\"height\":84,\"caption\":\"Danielshof\"},\"image\":{\"@id\":\"https:\\\/\\\/danielshof.de\\\/#\\\/schema\\\/logo\\\/image\\\/\"}}]}<\/script>\n<!-- \/ Yoast SEO plugin. -->","yoast_head_json":{"title":"Front Office Manager - Danielshof","robots":{"index":"index","follow":"follow","max-snippet":"max-snippet:-1","max-image-preview":"max-image-preview:large","max-video-preview":"max-video-preview:-1"},"canonical":"https:\/\/danielshof.de\/en\/front-office-manager\/","og_locale":"en_GB","og_type":"article","og_title":"Front Office Manager - Danielshof","og_description":"Front Office Manager (m\/w\/d) Front Office Manager (m\/w\/d) Organisation. Kommunikation. Service. Wir, das Landhaus Danielshof, ein famili\u00e4r gef\u00fchrtes Boutique-Hotel mit 41 Zimmern und einem engagierten Team aus rund 30 Mitarbeitenden, suchen zum n\u00e4chstm\u00f6glichen Zeitpunkt eine erfahrene Front Office Managerin (m\/w\/d). Unser Motto lautet: \u201eA Home Away from Home\u201c \u2013 unsere G\u00e4ste sollen sich wie zu ...","og_url":"https:\/\/danielshof.de\/en\/front-office-manager\/","og_site_name":"Danielshof","article_modified_time":"2025-10-09T09:47:55+00:00","twitter_card":"summary_large_image","twitter_misc":{"Estimated reading time":"2 minutes"},"schema":{"@context":"https:\/\/schema.org","@graph":[{"@type":"WebPage","@id":"https:\/\/danielshof.de\/front-office-manager\/","url":"https:\/\/danielshof.de\/front-office-manager\/","name":"Front Office Manager - Danielshof","isPartOf":{"@id":"https:\/\/danielshof.de\/#website"},"datePublished":"2024-12-02T15:43:31+00:00","dateModified":"2025-10-09T09:47:55+00:00","breadcrumb":{"@id":"https:\/\/danielshof.de\/front-office-manager\/#breadcrumb"},"inLanguage":"en-GB","potentialAction":[{"@type":"ReadAction","target":["https:\/\/danielshof.de\/front-office-manager\/"]}]},{"@type":"BreadcrumbList","@id":"https:\/\/danielshof.de\/front-office-manager\/#breadcrumb","itemListElement":[{"@type":"ListItem","position":1,"name":"Home","item":"https:\/\/danielshof.de\/"},{"@type":"ListItem","position":2,"name":"Front Office Manager"}]},{"@type":"WebSite","@id":"https:\/\/danielshof.de\/#website","url":"https:\/\/danielshof.de\/","name":"Danielshof","description":"","publisher":{"@id":"https:\/\/danielshof.de\/#organization"},"potentialAction":[{"@type":"SearchAction","target":{"@type":"EntryPoint","urlTemplate":"https:\/\/danielshof.de\/?s={search_term_string}"},"query-input":{"@type":"PropertyValueSpecification","valueRequired":true,"valueName":"search_term_string"}}],"inLanguage":"en-GB"},{"@type":"Organization","@id":"https:\/\/danielshof.de\/#organization","name":"Danielshof","url":"https:\/\/danielshof.de\/","logo":{"@type":"ImageObject","inLanguage":"en-GB","@id":"https:\/\/danielshof.de\/#\/schema\/logo\/image\/","url":"https:\/\/danielshof.de\/wp-content\/uploads\/2023\/04\/cropped-Danielshof_logo-color-e1729070050196.png","contentUrl":"https:\/\/danielshof.de\/wp-content\/uploads\/2023\/04\/cropped-Danielshof_logo-color-e1729070050196.png","width":269,"height":84,"caption":"Danielshof"},"image":{"@id":"https:\/\/danielshof.de\/#\/schema\/logo\/image\/"}}]}},"_links":{"self":[{"href":"https:\/\/danielshof.de\/en\/wp-json\/wp\/v2\/pages\/6383","targetHints":{"allow":["GET"]}}],"collection":[{"href":"https:\/\/danielshof.de\/en\/wp-json\/wp\/v2\/pages"}],"about":[{"href":"https:\/\/danielshof.de\/en\/wp-json\/wp\/v2\/types\/page"}],"author":[{"embeddable":true,"href":"https:\/\/danielshof.de\/en\/wp-json\/wp\/v2\/users\/1"}],"replies":[{"embeddable":true,"href":"https:\/\/danielshof.de\/en\/wp-json\/wp\/v2\/comments?post=6383"}],"version-history":[{"count":92,"href":"https:\/\/danielshof.de\/en\/wp-json\/wp\/v2\/pages\/6383\/revisions"}],"predecessor-version":[{"id":9387,"href":"https:\/\/danielshof.de\/en\/wp-json\/wp\/v2\/pages\/6383\/revisions\/9387"}],"wp:attachment":[{"href":"https:\/\/danielshof.de\/en\/wp-json\/wp\/v2\/media?parent=6383"}],"curies":[{"name":"wp","href":"https:\/\/api.w.org\/{rel}","templated":true}]}}