{"id":9320,"date":"2025-10-09T08:51:18","date_gmt":"2025-10-09T08:51:18","guid":{"rendered":"https:\/\/danielshof.de\/?page_id=9320"},"modified":"2025-10-09T09:47:16","modified_gmt":"2025-10-09T09:47:16","slug":"aushilfen-fuer-service-housekeeping-kueche","status":"publish","type":"page","link":"https:\/\/danielshof.de\/en\/aushilfen-fuer-service-housekeeping-kueche\/","title":{"rendered":"Temporary Staff for Service, Housekeeping &amp; Kitchen"},"content":{"rendered":"<div data-elementor-type=\"wp-page\" data-elementor-id=\"9320\" class=\"elementor elementor-9320\" data-elementor-post-type=\"page\">\n\t\t\t\t\t\t<section class=\"elementor-section elementor-top-section elementor-element elementor-element-e52f0ac elementor-section-height-min-height cs-section-content-fullwidth cs_scroll_y_100 cs-parallax-on-scroll elementor-hidden-tablet elementor-hidden-mobile elementor-section-boxed elementor-section-height-default elementor-section-items-middle\" data-id=\"e52f0ac\" data-element_type=\"section\" data-e-type=\"section\" data-settings=\"{&quot;background_background&quot;:&quot;classic&quot;}\" data-cs-parallax-y=\"100\" style=\"background-image: none;\" data-cs-background-image=\"https:\/\/danielshof.de\/wp-content\/uploads\/2025\/10\/Housekeeping-scaled.jpg\" data-cs-background-image-alt-text=\"\">\n\t\t\t\t\t\t\t<div class=\"elementor-background-overlay\"><\/div>\n\t\t\t\t\t\t\t<div class=\"elementor-container elementor-column-gap-no\">\n\t\t\t\t\t<div class=\"elementor-column elementor-col-100 elementor-top-column elementor-element elementor-element-ff5c9d5 dark-color\" data-id=\"ff5c9d5\" data-element_type=\"column\" data-e-type=\"column\">\n\t\t\t<div class=\"elementor-widget-wrap elementor-element-populated\">\n\t\t\t\t\t\t<div class=\"elementor-element elementor-element-1fe5f00 elementor-widget elementor-widget-cs_title\" data-id=\"1fe5f00\" data-element_type=\"widget\" data-e-type=\"widget\" data-widget_type=\"cs_title.default\">\n\t\t\t\t<div class=\"elementor-widget-container\">\n\t\t\t\t\t\n        <div class=\"cs-title-wrap text-center\">\t            <h1 class=\"cs-title\">\n\t                Temporary Staff for Service, Housekeeping &amp; Kitchen\t            <\/h1>\t            <div class=\"cs-title-text\">\n\t                <p>(m\/w\/d)<\/p>\t            <\/div>        <\/div>\t\t\t\t<\/div>\n\t\t\t\t<\/div>\n\t\t\t\t\t<\/div>\n\t\t<\/div>\n\t\t\t\t\t<\/div>\n\t\t<\/section>\n\t\t\t\t<section class=\"elementor-section elementor-top-section elementor-element elementor-element-d1c50d8 elementor-section-height-full cs-section-content-fullwidth cs_scroll_y_100 cs-parallax-on-scroll elementor-hidden-desktop elementor-section-boxed elementor-section-height-default elementor-section-items-middle\" data-id=\"d1c50d8\" data-element_type=\"section\" data-e-type=\"section\" data-settings=\"{&quot;background_background&quot;:&quot;classic&quot;}\" data-cs-parallax-y=\"100\" style=\"background-image: none;\" data-cs-background-image=\"https:\/\/danielshof.opti-hospitalitysuite.com\/wp-content\/uploads\/2024\/12\/FB-Manager.jpg\" data-cs-background-image-alt-text=\"\">\n\t\t\t\t\t\t\t<div class=\"elementor-background-overlay\"><\/div>\n\t\t\t\t\t\t\t<div class=\"elementor-container elementor-column-gap-no\">\n\t\t\t\t\t<div class=\"elementor-column elementor-col-100 elementor-top-column elementor-element elementor-element-c6a20c0 dark-color\" data-id=\"c6a20c0\" data-element_type=\"column\" data-e-type=\"column\">\n\t\t\t<div class=\"elementor-widget-wrap elementor-element-populated\">\n\t\t\t\t\t\t<div class=\"elementor-element elementor-element-09c12c3 elementor-widget elementor-widget-cs_title\" data-id=\"09c12c3\" data-element_type=\"widget\" data-e-type=\"widget\" data-widget_type=\"cs_title.default\">\n\t\t\t\t<div class=\"elementor-widget-container\">\n\t\t\t\t\t\n        <div class=\"cs-title-wrap text-center text-center-mobile\">\t            <h1 class=\"cs-title\">\n\t                Temporary Staff for Service, Housekeeping &amp; Kitchen\t            <\/h1>\t            <div class=\"cs-title-text\">\n\t                <p>(m\/w\/d)<\/p>\t            <\/div>        <\/div>\t\t\t\t<\/div>\n\t\t\t\t<\/div>\n\t\t\t\t\t<\/div>\n\t\t<\/div>\n\t\t\t\t\t<\/div>\n\t\t<\/section>\n\t\t\t\t<section class=\"elementor-section elementor-top-section elementor-element elementor-element-1d0e094 cs-section-content-fullwidth elementor-section-boxed elementor-section-height-default elementor-section-height-default\" data-id=\"1d0e094\" data-element_type=\"section\" data-e-type=\"section\" data-settings=\"{&quot;background_background&quot;:&quot;classic&quot;}\">\n\t\t\t\t\t\t<div class=\"elementor-container elementor-column-gap-no\">\n\t\t\t\t\t<div class=\"elementor-column elementor-col-100 elementor-top-column elementor-element elementor-element-1bc35e5\" data-id=\"1bc35e5\" data-element_type=\"column\" data-e-type=\"column\">\n\t\t\t<div class=\"elementor-widget-wrap elementor-element-populated\">\n\t\t\t\t\t\t<div class=\"elementor-element elementor-element-8016890 elementor-view-default elementor-widget elementor-widget-icon\" data-id=\"8016890\" data-element_type=\"widget\" data-e-type=\"widget\" data-widget_type=\"icon.default\">\n\t\t\t\t<div class=\"elementor-widget-container\">\n\t\t\t\t\t\t\t<div class=\"elementor-icon-wrapper\">\n\t\t\t<div class=\"elementor-icon\">\n\t\t\t<i aria-hidden=\"true\" class=\"flaticon flaticon-washing-machine\"><\/i>\t\t\t<\/div>\n\t\t<\/div>\n\t\t\t\t\t\t<\/div>\n\t\t\t\t<\/div>\n\t\t\t\t<div class=\"elementor-element elementor-element-64cd23f elementor-widget elementor-widget-cs_title\" data-id=\"64cd23f\" data-element_type=\"widget\" data-e-type=\"widget\" data-widget_type=\"cs_title.default\">\n\t\t\t\t<div class=\"elementor-widget-container\">\n\t\t\t\t\t\n        <div class=\"cs-title-wrap text-center\">\t            <div class=\"cs-subtitle-wrap\"><span class=\"cs-subtitle\">Flexibility. Commitment. Team Spirit.<\/span><\/div>\t            <div class=\"cs-title-text\">\n\t                <p>To strengthen our team, we are looking for dedicated temporary staff (m\/f\/d) to support us as needed in the areas of service, housekeeping, and kitchen.\nIf you appreciate flexible working hours and enjoy working in a warm, friendly team, then you\u2019re in the right place with us!<\/p>\t            <\/div>        <\/div>\t\t\t\t<\/div>\n\t\t\t\t<\/div>\n\t\t\t\t\t<\/div>\n\t\t<\/div>\n\t\t\t\t\t<\/div>\n\t\t<\/section>\n\t\t\t\t<section class=\"elementor-section elementor-top-section elementor-element elementor-element-837eea3 cs-parallax-on-scroll cs_scroll_y_100 cs-section-content-fullwidth elementor-section-boxed elementor-section-height-default elementor-section-height-default\" data-id=\"837eea3\" data-element_type=\"section\" data-e-type=\"section\" data-settings=\"{&quot;background_background&quot;:&quot;classic&quot;}\" data-cs-parallax-y=\"100\" style=\"background-image: none;\" data-cs-background-image=\"https:\/\/danielshof.de\/wp-content\/uploads\/2024\/11\/Special-Services-01-1.jpg\" data-cs-background-image-alt-text=\"\">\n\t\t\t\t\t\t\t<div class=\"elementor-background-overlay\"><\/div>\n\t\t\t\t\t\t\t<div class=\"elementor-container elementor-column-gap-no\">\n\t\t\t\t\t<div class=\"elementor-column elementor-col-100 elementor-top-column elementor-element elementor-element-7f1cfa3 dark-color\" data-id=\"7f1cfa3\" data-element_type=\"column\" data-e-type=\"column\">\n\t\t\t<div class=\"elementor-widget-wrap elementor-element-populated\">\n\t\t\t\t\t\t<div class=\"elementor-element elementor-element-7b4df70 elementor-view-default elementor-widget elementor-widget-icon\" data-id=\"7b4df70\" data-element_type=\"widget\" data-e-type=\"widget\" data-widget_type=\"icon.default\">\n\t\t\t\t<div class=\"elementor-widget-container\">\n\t\t\t\t\t\t\t<div class=\"elementor-icon-wrapper\">\n\t\t\t<div class=\"elementor-icon\">\n\t\t\t<i aria-hidden=\"true\" class=\"flaticon flaticon-user-2\"><\/i>\t\t\t<\/div>\n\t\t<\/div>\n\t\t\t\t\t\t<\/div>\n\t\t\t\t<\/div>\n\t\t\t\t<div class=\"elementor-element elementor-element-cfbd1f9 elementor-widget elementor-widget-cs_title\" data-id=\"cfbd1f9\" data-element_type=\"widget\" data-e-type=\"widget\" data-widget_type=\"cs_title.default\">\n\t\t\t\t<div class=\"elementor-widget-container\">\n\t\t\t\t\t\n        <div class=\"cs-title-wrap text-center\">\t            <h1 class=\"cs-title\">\n\t                About Us\t            <\/h1>\t            <div class=\"cs-title-text\">\n\t                <p>In addition to hotel operations, we also offer catering and a variety of events. Whether in service, room cleaning, or kitchen preparation \u2013 you can expect a varied and dynamic workday with us.<\/p>\t            <\/div>        <\/div>\t\t\t\t<\/div>\n\t\t\t\t<\/div>\n\t\t\t\t\t<\/div>\n\t\t<\/div>\n\t\t\t\t\t<\/div>\n\t\t<\/section>\n\t\t\t\t<section class=\"elementor-section elementor-top-section elementor-element elementor-element-eeeae18 elementor-section-boxed elementor-section-height-default elementor-section-height-default\" data-id=\"eeeae18\" data-element_type=\"section\" data-e-type=\"section\" data-settings=\"{&quot;background_background&quot;:&quot;classic&quot;}\">\n\t\t\t\t\t\t<div class=\"elementor-container elementor-column-gap-no\">\n\t\t\t\t\t<div class=\"elementor-column elementor-col-100 elementor-top-column elementor-element elementor-element-7e17c30\" data-id=\"7e17c30\" data-element_type=\"column\" data-e-type=\"column\">\n\t\t\t<div class=\"elementor-widget-wrap elementor-element-populated\">\n\t\t\t\t\t\t<div class=\"elementor-element elementor-element-7c3e09d elementor-widget elementor-widget-cs_title\" data-id=\"7c3e09d\" data-element_type=\"widget\" data-e-type=\"widget\" data-widget_type=\"cs_title.default\">\n\t\t\t\t<div class=\"elementor-widget-container\">\n\t\t\t\t\t\n        <div class=\"cs-title-wrap text-left\">\t            <h1 class=\"cs-title\">\n\t                Your Responsibilities\t            <\/h1>\t            <div class=\"cs-title-text\">\n\t                <ul><li>Assist with \u00e0 la carte service and events (setup\/breakdown, guest care);<\/li><li>Help with cleaning hotel rooms and public areas;<\/li><li>Support the kitchen team (mise en place, dishwashing, simple preparations);<\/li><li>Work flexibly depending on bookings and event schedules;<\/li><\/ul>\t            <\/div>        <\/div>\t\t\t\t<\/div>\n\t\t\t\t<\/div>\n\t\t\t\t<div class=\"elementor-element elementor-element-32e45a6 elementor-widget elementor-widget-cs_title\" data-id=\"32e45a6\" data-element_type=\"widget\" data-e-type=\"widget\" data-widget_type=\"cs_title.default\">\n\t\t\t\t<div class=\"elementor-widget-container\">\n\t\t\t\t\t\n        <div class=\"cs-title-wrap text-left\">\t            <h1 class=\"cs-title\">\n\t                Your Profile\t            <\/h1>\t            <div class=\"cs-title-text\">\n\t                <ul><li>Service-oriented personality who enjoys working with guests;<\/li><li>Reliability, commitment, and team spirit;<\/li><li>Willingness to work flexible hours (including evenings and weekends);<\/li><li>Experience in the hotel or restaurant industry is an advantage but not required;<\/li><\/ul>\t            <\/div>        <\/div>\t\t\t\t<\/div>\n\t\t\t\t<\/div>\n\t\t\t\t<div class=\"elementor-element elementor-element-f6ca7b7 elementor-widget elementor-widget-cs_title\" data-id=\"f6ca7b7\" data-element_type=\"widget\" data-e-type=\"widget\" data-widget_type=\"cs_title.default\">\n\t\t\t\t<div class=\"elementor-widget-container\">\n\t\t\t\t\t\n        <div class=\"cs-title-wrap text-left\">\t            <h1 class=\"cs-title\">\n\t                We offer\t            <\/h1>\t            <div class=\"cs-title-text\">\n\t                <ul><li>Flexible assignments within a motivated team;<\/li><li>Fair hourly-based pay;<\/li><li>Work schedules arranged by agreement;<\/li><li>A family-like atmosphere and the opportunity to gain experience in various areas of the hotel and restaurant industry.<\/li><\/ul>\t            <\/div>        <\/div>\t\t\t\t<\/div>\n\t\t\t\t<\/div>\n\t\t\t\t\t<\/div>\n\t\t<\/div>\n\t\t\t\t\t<\/div>\n\t\t<\/section>\n\t\t\t\t<section class=\"elementor-section elementor-top-section elementor-element elementor-element-c22c496 cs-parallax-on-scroll cs_scroll_y_100 cs-section-content-fullwidth elementor-section-boxed elementor-section-height-default elementor-section-height-default\" data-id=\"c22c496\" data-element_type=\"section\" data-e-type=\"section\" data-settings=\"{&quot;background_background&quot;:&quot;classic&quot;}\" data-cs-parallax-y=\"100\" style=\"background-image: none;\" data-cs-background-image=\"https:\/\/danielshof.opti-hospitalitysuite.com\/wp-content\/uploads\/2024\/11\/Background2.png\" data-cs-background-image-alt-text=\"\">\n\t\t\t\t\t\t\t<div class=\"elementor-background-overlay\"><\/div>\n\t\t\t\t\t\t\t<div class=\"elementor-container elementor-column-gap-no\">\n\t\t\t\t\t<div class=\"elementor-column elementor-col-100 elementor-top-column elementor-element elementor-element-ccc5371 dark-color\" data-id=\"ccc5371\" data-element_type=\"column\" data-e-type=\"column\">\n\t\t\t<div class=\"elementor-widget-wrap elementor-element-populated\">\n\t\t\t\t\t\t<div class=\"elementor-element elementor-element-962ec53 elementor-view-default elementor-widget elementor-widget-icon\" data-id=\"962ec53\" data-element_type=\"widget\" data-e-type=\"widget\" data-widget_type=\"icon.default\">\n\t\t\t\t<div class=\"elementor-widget-container\">\n\t\t\t\t\t\t\t<div class=\"elementor-icon-wrapper\">\n\t\t\t<div class=\"elementor-icon\">\n\t\t\t<i aria-hidden=\"true\" class=\"flaticon flaticon-reception\"><\/i>\t\t\t<\/div>\n\t\t<\/div>\n\t\t\t\t\t\t<\/div>\n\t\t\t\t<\/div>\n\t\t\t\t<div class=\"elementor-element elementor-element-dca6e70 elementor-widget elementor-widget-cs_title\" data-id=\"dca6e70\" data-element_type=\"widget\" data-e-type=\"widget\" data-widget_type=\"cs_title.default\">\n\t\t\t\t<div class=\"elementor-widget-container\">\n\t\t\t\t\t\n        <div class=\"cs-title-wrap text-center\">\t            <h1 class=\"cs-title\">\n\t                Interested?\t            <\/h1>\t            <div class=\"cs-title-text\">\n\t                <p>Please send your short application by email to:<strong> cds@danielshof.de<\/strong><\/p>\t            <\/div>        <\/div>\t\t\t\t<\/div>\n\t\t\t\t<\/div>\n\t\t\t\t\t<\/div>\n\t\t<\/div>\n\t\t\t\t\t<\/div>\n\t\t<\/section>\n\t\t\t\t<\/div>","protected":false},"excerpt":{"rendered":"<p>Aushilfen f\u00fcr Service, Housekeeping &amp; K\u00fcche (m\/w\/d) Aushilfen f\u00fcr Service, Housekeeping &amp; K\u00fcche (m\/w\/d) Flexibilit\u00e4t. Einsatzfreude. Teamgeist. Zur Erg\u00e4nzung unseres Teams suchen wir engagierte Aushilfen (m\/w\/d), die uns nach Bedarf in den Bereichen Service, Housekeeping und K\u00fcche unterst\u00fctzen. Wenn Sie flexible Arbeitszeiten sch\u00e4tzen und in einem herzlichen Team arbeiten m\u00f6chten, sind Sie bei uns richtig! &#8230;<\/p>","protected":false},"author":1,"featured_media":0,"parent":0,"menu_order":0,"comment_status":"closed","ping_status":"closed","template":"elementor_header_footer","meta":{"cozystay_single_page_hide_site_header":"","cozystay_single_page_site_header_source":"","cozystay_single_page_custom_site_header":"0","cozystay_single_page_custom_sticky_site_header":"0","cozystay_single_page_hide_page_title":"","cozystay_single_page_header_section_size":"","cozystay_single_page_header_background_color":"","cozystay_single_page_header_background_position_x":"center","cozystay_single_page_header_background_position_y":"center","cozystay_single_page_header_background_size":"cover","cozystay_single_page_header_background_repeat":"off","cozystay_single_page_header_background_scroll":"on","cozystay_single_page_header_text_color":"","cozystay_single_page_header_show_breadcrumb":"","cozystay_single_page_site_footer_hide_main":"","cozystay_single_custom_site_footer_main_source":"","cozystay_single_custom_site_footer_main":"0","cozystay_single_page_site_footer_hide_above":"","cozystay_single_custom_site_footer_above_source":"","cozystay_single_custom_site_footer_above":"0","cozystay_single_page_site_footer_hide_instagram":"","cozystay_single_page_site_footer_hide_bottom":"","cozystay_single_custom_mobile_menu_source":"","cozystay_single_custom_mobile_menu":"0","cozystay_single_custom_mobile_menu_animation":"","cozystay_single_custom_mobile_menu_width":"","cozystay_single_custom_mobile_menu_custom_width":375,"footnotes":""},"class_list":["post-9320","page","type-page","status-publish","hentry"],"yoast_head":"<!-- This site is optimized with the Yoast SEO plugin v27.3 - https:\/\/yoast.com\/product\/yoast-seo-wordpress\/ -->\n<title>Aushilfen f\u00fcr Service, Housekeeping &amp; K\u00fcche - Danielshof<\/title>\n<meta name=\"robots\" content=\"index, follow, max-snippet:-1, max-image-preview:large, max-video-preview:-1\" \/>\n<link rel=\"canonical\" href=\"https:\/\/danielshof.de\/en\/aushilfen-fuer-service-housekeeping-kueche\/\" \/>\n<meta property=\"og:locale\" content=\"en_GB\" \/>\n<meta property=\"og:type\" content=\"article\" \/>\n<meta property=\"og:title\" content=\"Aushilfen f\u00fcr Service, Housekeeping &amp; K\u00fcche - Danielshof\" \/>\n<meta property=\"og:description\" content=\"Aushilfen f\u00fcr Service, Housekeeping &amp; K\u00fcche (m\/w\/d) Aushilfen f\u00fcr Service, Housekeeping &amp; K\u00fcche (m\/w\/d) Flexibilit\u00e4t. Einsatzfreude. Teamgeist. Zur Erg\u00e4nzung unseres Teams suchen wir engagierte Aushilfen (m\/w\/d), die uns nach Bedarf in den Bereichen Service, Housekeeping und K\u00fcche unterst\u00fctzen. Wenn Sie flexible Arbeitszeiten sch\u00e4tzen und in einem herzlichen Team arbeiten m\u00f6chten, sind Sie bei uns richtig! ...\" \/>\n<meta property=\"og:url\" content=\"https:\/\/danielshof.de\/en\/aushilfen-fuer-service-housekeeping-kueche\/\" \/>\n<meta property=\"og:site_name\" content=\"Danielshof\" \/>\n<meta property=\"article:modified_time\" content=\"2025-10-09T09:47:16+00:00\" \/>\n<meta name=\"twitter:card\" content=\"summary_large_image\" \/>\n<meta name=\"twitter:label1\" content=\"Estimated reading time\" \/>\n\t<meta name=\"twitter:data1\" content=\"1 minute\" \/>\n<script type=\"application\/ld+json\" class=\"yoast-schema-graph\">{\"@context\":\"https:\\\/\\\/schema.org\",\"@graph\":[{\"@type\":\"WebPage\",\"@id\":\"https:\\\/\\\/danielshof.de\\\/aushilfen-fuer-service-housekeeping-kueche\\\/\",\"url\":\"https:\\\/\\\/danielshof.de\\\/aushilfen-fuer-service-housekeeping-kueche\\\/\",\"name\":\"Aushilfen f\u00fcr Service, Housekeeping &amp; K\u00fcche - Danielshof\",\"isPartOf\":{\"@id\":\"https:\\\/\\\/danielshof.de\\\/#website\"},\"datePublished\":\"2025-10-09T08:51:18+00:00\",\"dateModified\":\"2025-10-09T09:47:16+00:00\",\"breadcrumb\":{\"@id\":\"https:\\\/\\\/danielshof.de\\\/aushilfen-fuer-service-housekeeping-kueche\\\/#breadcrumb\"},\"inLanguage\":\"en-GB\",\"potentialAction\":[{\"@type\":\"ReadAction\",\"target\":[\"https:\\\/\\\/danielshof.de\\\/aushilfen-fuer-service-housekeeping-kueche\\\/\"]}]},{\"@type\":\"BreadcrumbList\",\"@id\":\"https:\\\/\\\/danielshof.de\\\/aushilfen-fuer-service-housekeeping-kueche\\\/#breadcrumb\",\"itemListElement\":[{\"@type\":\"ListItem\",\"position\":1,\"name\":\"Home\",\"item\":\"https:\\\/\\\/danielshof.de\\\/\"},{\"@type\":\"ListItem\",\"position\":2,\"name\":\"Aushilfen f\u00fcr Service, Housekeeping &amp; K\u00fcche\"}]},{\"@type\":\"WebSite\",\"@id\":\"https:\\\/\\\/danielshof.de\\\/#website\",\"url\":\"https:\\\/\\\/danielshof.de\\\/\",\"name\":\"Danielshof\",\"description\":\"\",\"publisher\":{\"@id\":\"https:\\\/\\\/danielshof.de\\\/#organization\"},\"potentialAction\":[{\"@type\":\"SearchAction\",\"target\":{\"@type\":\"EntryPoint\",\"urlTemplate\":\"https:\\\/\\\/danielshof.de\\\/?s={search_term_string}\"},\"query-input\":{\"@type\":\"PropertyValueSpecification\",\"valueRequired\":true,\"valueName\":\"search_term_string\"}}],\"inLanguage\":\"en-GB\"},{\"@type\":\"Organization\",\"@id\":\"https:\\\/\\\/danielshof.de\\\/#organization\",\"name\":\"Danielshof\",\"url\":\"https:\\\/\\\/danielshof.de\\\/\",\"logo\":{\"@type\":\"ImageObject\",\"inLanguage\":\"en-GB\",\"@id\":\"https:\\\/\\\/danielshof.de\\\/#\\\/schema\\\/logo\\\/image\\\/\",\"url\":\"https:\\\/\\\/danielshof.de\\\/wp-content\\\/uploads\\\/2023\\\/04\\\/cropped-Danielshof_logo-color-e1729070050196.png\",\"contentUrl\":\"https:\\\/\\\/danielshof.de\\\/wp-content\\\/uploads\\\/2023\\\/04\\\/cropped-Danielshof_logo-color-e1729070050196.png\",\"width\":269,\"height\":84,\"caption\":\"Danielshof\"},\"image\":{\"@id\":\"https:\\\/\\\/danielshof.de\\\/#\\\/schema\\\/logo\\\/image\\\/\"}}]}<\/script>\n<!-- \/ Yoast SEO plugin. -->","yoast_head_json":{"title":"Aushilfen f\u00fcr Service, Housekeeping &amp; K\u00fcche - Danielshof","robots":{"index":"index","follow":"follow","max-snippet":"max-snippet:-1","max-image-preview":"max-image-preview:large","max-video-preview":"max-video-preview:-1"},"canonical":"https:\/\/danielshof.de\/en\/aushilfen-fuer-service-housekeeping-kueche\/","og_locale":"en_GB","og_type":"article","og_title":"Aushilfen f\u00fcr Service, Housekeeping &amp; K\u00fcche - Danielshof","og_description":"Aushilfen f\u00fcr Service, Housekeeping &amp; K\u00fcche (m\/w\/d) Aushilfen f\u00fcr Service, Housekeeping &amp; K\u00fcche (m\/w\/d) Flexibilit\u00e4t. Einsatzfreude. Teamgeist. Zur Erg\u00e4nzung unseres Teams suchen wir engagierte Aushilfen (m\/w\/d), die uns nach Bedarf in den Bereichen Service, Housekeeping und K\u00fcche unterst\u00fctzen. Wenn Sie flexible Arbeitszeiten sch\u00e4tzen und in einem herzlichen Team arbeiten m\u00f6chten, sind Sie bei uns richtig! ...","og_url":"https:\/\/danielshof.de\/en\/aushilfen-fuer-service-housekeeping-kueche\/","og_site_name":"Danielshof","article_modified_time":"2025-10-09T09:47:16+00:00","twitter_card":"summary_large_image","twitter_misc":{"Estimated reading time":"1 minute"},"schema":{"@context":"https:\/\/schema.org","@graph":[{"@type":"WebPage","@id":"https:\/\/danielshof.de\/aushilfen-fuer-service-housekeeping-kueche\/","url":"https:\/\/danielshof.de\/aushilfen-fuer-service-housekeeping-kueche\/","name":"Aushilfen f\u00fcr Service, Housekeeping &amp; K\u00fcche - Danielshof","isPartOf":{"@id":"https:\/\/danielshof.de\/#website"},"datePublished":"2025-10-09T08:51:18+00:00","dateModified":"2025-10-09T09:47:16+00:00","breadcrumb":{"@id":"https:\/\/danielshof.de\/aushilfen-fuer-service-housekeeping-kueche\/#breadcrumb"},"inLanguage":"en-GB","potentialAction":[{"@type":"ReadAction","target":["https:\/\/danielshof.de\/aushilfen-fuer-service-housekeeping-kueche\/"]}]},{"@type":"BreadcrumbList","@id":"https:\/\/danielshof.de\/aushilfen-fuer-service-housekeeping-kueche\/#breadcrumb","itemListElement":[{"@type":"ListItem","position":1,"name":"Home","item":"https:\/\/danielshof.de\/"},{"@type":"ListItem","position":2,"name":"Aushilfen f\u00fcr Service, Housekeeping &amp; K\u00fcche"}]},{"@type":"WebSite","@id":"https:\/\/danielshof.de\/#website","url":"https:\/\/danielshof.de\/","name":"Danielshof","description":"","publisher":{"@id":"https:\/\/danielshof.de\/#organization"},"potentialAction":[{"@type":"SearchAction","target":{"@type":"EntryPoint","urlTemplate":"https:\/\/danielshof.de\/?s={search_term_string}"},"query-input":{"@type":"PropertyValueSpecification","valueRequired":true,"valueName":"search_term_string"}}],"inLanguage":"en-GB"},{"@type":"Organization","@id":"https:\/\/danielshof.de\/#organization","name":"Danielshof","url":"https:\/\/danielshof.de\/","logo":{"@type":"ImageObject","inLanguage":"en-GB","@id":"https:\/\/danielshof.de\/#\/schema\/logo\/image\/","url":"https:\/\/danielshof.de\/wp-content\/uploads\/2023\/04\/cropped-Danielshof_logo-color-e1729070050196.png","contentUrl":"https:\/\/danielshof.de\/wp-content\/uploads\/2023\/04\/cropped-Danielshof_logo-color-e1729070050196.png","width":269,"height":84,"caption":"Danielshof"},"image":{"@id":"https:\/\/danielshof.de\/#\/schema\/logo\/image\/"}}]}},"_links":{"self":[{"href":"https:\/\/danielshof.de\/en\/wp-json\/wp\/v2\/pages\/9320","targetHints":{"allow":["GET"]}}],"collection":[{"href":"https:\/\/danielshof.de\/en\/wp-json\/wp\/v2\/pages"}],"about":[{"href":"https:\/\/danielshof.de\/en\/wp-json\/wp\/v2\/types\/page"}],"author":[{"embeddable":true,"href":"https:\/\/danielshof.de\/en\/wp-json\/wp\/v2\/users\/1"}],"replies":[{"embeddable":true,"href":"https:\/\/danielshof.de\/en\/wp-json\/wp\/v2\/comments?post=9320"}],"version-history":[{"count":19,"href":"https:\/\/danielshof.de\/en\/wp-json\/wp\/v2\/pages\/9320\/revisions"}],"predecessor-version":[{"id":9384,"href":"https:\/\/danielshof.de\/en\/wp-json\/wp\/v2\/pages\/9320\/revisions\/9384"}],"wp:attachment":[{"href":"https:\/\/danielshof.de\/en\/wp-json\/wp\/v2\/media?parent=9320"}],"curies":[{"name":"wp","href":"https:\/\/api.w.org\/{rel}","templated":true}]}}